{"id":2296,"date":"2025-06-26T10:46:13","date_gmt":"2025-06-26T10:46:13","guid":{"rendered":"https:\/\/www.vilamouranovamarina.com\/politica-de-privacidade\/"},"modified":"2025-06-26T11:55:35","modified_gmt":"2025-06-26T11:55:35","slug":"politica-de-privacidade","status":"publish","type":"page","link":"https:\/\/www.vilamouranovamarina.com\/pt-pt\/politica-de-privacidade\/","title":{"rendered":"Pol\u00edtica de Privacidade"},"content":{"rendered":"\t\t<div data-elementor-type=\"wp-page\" data-elementor-id=\"2296\" class=\"elementor elementor-2296 elementor-2287\" data-elementor-post-type=\"page\">\n\t\t\t\t\t\t<section class=\"elementor-section elementor-top-section elementor-element elementor-element-b57e4eb elementor-section-full_width elementor-section-height-min-height elementor-section-content-middle elementor-section-height-default elementor-section-items-middle\" data-id=\"b57e4eb\" data-element_type=\"section\" data-e-type=\"section\" data-settings=\"{&quot;background_background&quot;:&quot;classic&quot;}\">\n\t\t\t\t\t\t\t<div class=\"elementor-background-overlay\"><\/div>\n\t\t\t\t\t\t\t<div class=\"elementor-container elementor-column-gap-default\">\n\t\t\t\t\t<div class=\"elementor-column elementor-col-100 elementor-top-column elementor-element elementor-element-40f9757\" data-id=\"40f9757\" data-element_type=\"column\" data-e-type=\"column\">\n\t\t\t<div class=\"elementor-widget-wrap elementor-element-populated\">\n\t\t\t\t\t\t<section class=\"elementor-section elementor-inner-section elementor-element elementor-element-9545b6c elementor-section-boxed elementor-section-height-default elementor-section-height-default\" data-id=\"9545b6c\" data-element_type=\"section\" data-e-type=\"section\">\n\t\t\t\t\t\t<div class=\"elementor-container elementor-column-gap-default\">\n\t\t\t\t\t<div class=\"elementor-column elementor-col-100 elementor-inner-column elementor-element elementor-element-9bfbd89\" data-id=\"9bfbd89\" data-element_type=\"column\" data-e-type=\"column\">\n\t\t\t<div class=\"elementor-widget-wrap elementor-element-populated\">\n\t\t\t\t\t\t<div class=\"elementor-element elementor-element-8d909d0 elementor-widget elementor-widget-heading\" data-id=\"8d909d0\" data-element_type=\"widget\" data-e-type=\"widget\" data-widget_type=\"heading.default\">\n\t\t\t\t\t<h1 class=\"elementor-heading-title elementor-size-default\">Pol\u00edtica de Privacidade<\/h1>\t\t\t\t<\/div>\n\t\t\t\t\t<\/div>\n\t\t<\/div>\n\t\t\t\t\t<\/div>\n\t\t<\/section>\n\t\t\t\t\t<\/div>\n\t\t<\/div>\n\t\t\t\t\t<\/div>\n\t\t<\/section>\n\t\t\t\t<section class=\"elementor-section elementor-top-section elementor-element elementor-element-d9ef05e elementor-section-full_width elementor-section-height-default elementor-section-height-default\" data-id=\"d9ef05e\" data-element_type=\"section\" data-e-type=\"section\">\n\t\t\t\t\t\t<div class=\"elementor-container elementor-column-gap-default\">\n\t\t\t\t\t<div class=\"elementor-column elementor-col-100 elementor-top-column elementor-element elementor-element-5864aa6\" data-id=\"5864aa6\" data-element_type=\"column\" data-e-type=\"column\">\n\t\t\t<div class=\"elementor-widget-wrap elementor-element-populated\">\n\t\t\t\t\t\t<div class=\"elementor-element elementor-element-f79690e elementor-widget elementor-widget-heading\" data-id=\"f79690e\" data-element_type=\"widget\" data-e-type=\"widget\" data-widget_type=\"heading.default\">\n\t\t\t\t\t<h5 class=\"elementor-heading-title elementor-size-default\">SCROLL<\/h5>\t\t\t\t<\/div>\n\t\t\t\t<section class=\"elementor-section elementor-inner-section elementor-element elementor-element-def448e elementor-section-full_width elementor-section-content-middle elementor-section-height-default elementor-section-height-default\" data-id=\"def448e\" data-element_type=\"section\" data-e-type=\"section\">\n\t\t\t\t\t\t<div class=\"elementor-container elementor-column-gap-default\">\n\t\t\t\t\t<div class=\"elementor-column elementor-col-50 elementor-inner-column elementor-element elementor-element-f71fbdb\" data-id=\"f71fbdb\" data-element_type=\"column\" data-e-type=\"column\">\n\t\t\t<div class=\"elementor-widget-wrap\">\n\t\t\t\t\t\t\t<\/div>\n\t\t<\/div>\n\t\t\t\t<div class=\"elementor-column elementor-col-50 elementor-inner-column elementor-element elementor-element-aac5270\" data-id=\"aac5270\" data-element_type=\"column\" data-e-type=\"column\">\n\t\t\t<div class=\"elementor-widget-wrap elementor-element-populated\">\n\t\t\t\t\t\t<div class=\"elementor-element elementor-element-68dff86 elementor-widget elementor-widget-spacer\" data-id=\"68dff86\" data-element_type=\"widget\" data-e-type=\"widget\" data-widget_type=\"spacer.default\">\n\t\t\t\t\t\t\t<div class=\"elementor-spacer\">\n\t\t\t<div class=\"elementor-spacer-inner\"><\/div>\n\t\t<\/div>\n\t\t\t\t\t\t<\/div>\n\t\t\t\t\t<\/div>\n\t\t<\/div>\n\t\t\t\t\t<\/div>\n\t\t<\/section>\n\t\t\t\t<section class=\"elementor-section elementor-inner-section elementor-element elementor-element-5d32553 elementor-section-full_width elementor-section-content-middle elementor-section-height-default elementor-section-height-default\" data-id=\"5d32553\" data-element_type=\"section\" data-e-type=\"section\">\n\t\t\t\t\t\t<div class=\"elementor-container elementor-column-gap-default\">\n\t\t\t\t\t<div class=\"elementor-column elementor-col-100 elementor-inner-column elementor-element elementor-element-ac7af73\" data-id=\"ac7af73\" data-element_type=\"column\" data-e-type=\"column\">\n\t\t\t<div class=\"elementor-widget-wrap elementor-element-populated\">\n\t\t\t\t\t\t<div class=\"elementor-element elementor-element-632f4f2 elementor-view-default elementor-widget elementor-widget-icon\" data-id=\"632f4f2\" data-element_type=\"widget\" data-e-type=\"widget\" data-widget_type=\"icon.default\">\n\t\t\t\t\t\t\t<div class=\"elementor-icon-wrapper\">\n\t\t\t<div class=\"elementor-icon\">\n\t\t\t<svg xmlns=\"http:\/\/www.w3.org\/2000\/svg\" xmlns:xlink=\"http:\/\/www.w3.org\/1999\/xlink\" x=\"0px\" y=\"0px\" viewBox=\"0 0 725.5 709.18\" style=\"enable-background:new 0 0 725.5 709.18;\" xml:space=\"preserve\"><g id=\"Vilamoura_x5F_Logo\">\t<path id=\"Logotype\" d=\"M790.74,342.7h144.89c55.4,164.49,128.69,330.68,221.59,495.17l106.53-205.4  c30.68-59.66,46.87-110.8,46.87-166.19c0-38.35-8.52-80.97-25.57-123.58h161.93l-272.73,525.85v70.74h-93.75  C1029.38,740.72,927.11,541.28,790.74,342.7z M1536.48,641c0-98.01-8.52-200.28-29.83-298.3h136.36  c-21.31,98.01-29.83,200.29-29.83,298.3c0,98.01,8.52,200.28,29.83,298.3h-136.36C1527.96,841.28,1536.48,739.01,1536.48,641z   M1800.68,641c0-98.01-8.52-200.28-29.83-298.3h136.36c-21.31,98.01-29.83,200.29-29.83,298.3c0,89.49,6.82,182.39,24.72,272.73  h22.16c68.18,0,226.7-34.09,291.48-158.52l177.27-341.76V342.7h93.75c48.58,190.06,144.89,380.97,272.73,571.88V405.77  l-42.62-63.07h153.41c47.73,163.64,134.66,352.84,222.44,490.91l246.31-490.91h136.36c-21.3,98.01-29.83,200.29-29.83,298.3  c0,98.01,8.53,200.28,29.83,298.3h-136.36c21.3-98.01,29.83-200.28,29.83-298.3c0-82.67-5.97-167.9-20.45-252.27L3108.92,866v73.29  h-93.75c-42.62-164.49-125.28-328.98-230.11-493.47V939.3h-153.41c-23.01-68.18-48.58-136.37-78.41-204.54h-232.67  c-54.55,0-76.7,26.42-93.75,59.66l-74.15,144.89h-381.82C1792.16,841.28,1800.68,739.01,1800.68,641z M2542.16,709.18  c-38.35-89.49-83.52-178.12-133.81-267.62l-137.22,267.62H2542.16z M3891.78,334.18c169.6,0,306.82,120.17,306.82,289.77  s-128.69,323.86-323.86,323.86c-169.6,0-306.82-120.17-306.82-289.77S3696.61,334.18,3891.78,334.18z M3908.83,922.25  c144.03,0,196.02-115.91,196.02-251.42s-94.6-311.08-247.16-311.08c-135.51,0-196.02,115.91-196.02,251.42  C3661.67,746.68,3739.23,922.25,3908.83,922.25z M4410.44,342.7c-21.31,98.01-29.83,200.29-29.83,298.3  c0,205.4,94.6,281.25,213.07,281.25c118.47,0,217.33-67.33,217.33-272.73v-17.05c0-138.92-56.25-221.59-136.37-289.77h161.93  v306.82c0,192.61-94.6,298.29-251.42,298.29c-207.95,0-281.25-114.2-281.25-306.82c0-98.01-8.52-200.28-29.83-298.3H4410.44z   M4983.26,641c0-98.01-8.52-200.28-29.83-298.3h298.3c134.66,0,272.73,25.57,272.73,144.89c0,136.37-155.11,161.93-272.73,161.93  h-74.15c29.83,127.84,286.36,107.39,385.23,199.43l225.85-435.51V342.7h93.75c51.14,198.58,153.41,398.01,289.77,596.59H6027.3  c-23.01-68.18-48.58-136.37-78.41-204.54h-232.67c-54.55,0-76.7,26.42-93.75,59.66l-40.06,78.41  c11.93,17.9,18.75,40.06,18.75,66.48h-144.89c0-115.06-306.82-114.21-306.82-315.34h85.23c89.49,0,178.98-34.09,178.98-127.84  c0-93.75-89.49-127.84-178.98-127.84h-150c-17.9,90.34-24.72,183.24-24.72,272.73c0,98.01,8.52,200.28,29.83,298.3h-136.36  C4974.74,841.28,4983.26,739.01,4983.26,641z M5937.81,709.18c-38.35-89.49-83.52-178.12-133.81-267.62l-137.22,267.62H5937.81z\"><\/path>\t<path id=\"Symbol\" d=\"M31.74,440.89l206.01-80.65c20.16-7.89,37.69-9.64,51.72-9.64c43.83,0,64.87,25.42,69.25,55.23  c1.75-29.8,22.79-55.23,65.75-55.23c14.9,0,31.56,1.75,51.72,9.64l204.25,80.65l-120.1,137.63  c-23.67-113.08-90.29-190.22-133.25-190.22c-28.93,0-40.32,28.05-40.32,64.87c0,39.45,14.9,100.81,54.35,196.36H271.05  c39.45-95.55,54.35-156.92,54.35-196.36c0-36.82-10.52-64.87-38.57-64.87c-42.08,0-112.21,77.14-135,190.22L31.74,440.89z   M356.09,315.53c8.77,0,35.07-0.88,65.75-25.42l192.86-156.04L474.43,35.89c-11.4,163.93-89.42,243.7-118.34,243.7  c-28.93,0-106.95-79.77-118.34-243.7L97.48,134.07l192.86,156.04C321.02,314.66,347.32,315.53,356.09,315.53z\"><\/path><\/g><g id=\"Safety_Margins\"><\/g><\/svg>\t\t\t<\/div>\n\t\t<\/div>\n\t\t\t\t\t\t<\/div>\n\t\t\t\t\t<\/div>\n\t\t<\/div>\n\t\t\t\t\t<\/div>\n\t\t<\/section>\n\t\t\t\t\t<\/div>\n\t\t<\/div>\n\t\t\t\t\t<\/div>\n\t\t<\/section>\n\t\t\t\t<section class=\"elementor-section elementor-top-section elementor-element elementor-element-915497e elementor-section-boxed elementor-section-height-default elementor-section-height-default\" data-id=\"915497e\" data-element_type=\"section\" data-e-type=\"section\">\n\t\t\t\t\t\t<div class=\"elementor-container elementor-column-gap-default\">\n\t\t\t\t\t<div class=\"elementor-column elementor-col-100 elementor-top-column elementor-element elementor-element-cf6d9d7\" data-id=\"cf6d9d7\" data-element_type=\"column\" data-e-type=\"column\">\n\t\t\t<div class=\"elementor-widget-wrap elementor-element-populated\">\n\t\t\t\t\t\t<div class=\"elementor-element elementor-element-f5e4acb elementor-widget elementor-widget-text-editor\" data-id=\"f5e4acb\" data-element_type=\"widget\" data-e-type=\"widget\" data-widget_type=\"text-editor.default\">\n\t\t\t\t\t\t\t\t\t<div class=\"eltdf-eh-item-content eltdf-eh-custom-7607\"><div class=\"eltdf-section-title-holder eltdf-st-standard eltdf-st-title-left eltdf-st-normal-space \"><div class=\"eltdf-st-inner\"><p>A P\u00f3dio Navegante, S.A. (propriedade do Grupo Vilamoura World) est\u00e1 fortemente empenhada em garantir a privacidade dos utilizadores e a prote\u00e7\u00e3o e seguran\u00e7a dos seus dados pessoais.<\/p><p>Assim, salvo nos casos em que o utilizador tenha autorizado previamente a recolha e tratamento dos seus dados pessoais para as finalidades aqui previstas, a navega\u00e7\u00e3o neste site \u00e9 feita de forma totalmente an\u00f3nima.<\/p><p>A presente pol\u00edtica de privacidade descreve a forma como, nos casos em que s\u00e3o recolhidos dados pessoais dos utilizadores, estes s\u00e3o tratados, as finalidades para as quais s\u00e3o tratados, os direitos de prote\u00e7\u00e3o de dados dos utilizadores e as medidas de seguran\u00e7a aplicadas para proteger os dados pessoais recolhidos.<\/p><p>A presente pol\u00edtica de privacidade foi elaborada de forma clara e simples para facilitar a sua compreens\u00e3o, de modo a que o utilizador possa decidir, de forma livre, informada e volunt\u00e1ria, se pretende facultar os seus dados pessoais \u00e0 Marina de Vilamoura para os fins aqui previstos.<\/p><p>A P\u00f3dio Navegante, S.A. (propriedade do Grupo Vilamoura World) cumpre todas as normas nacionais e europeias de prote\u00e7\u00e3o de dados.<\/p><p> <\/p><h4>UTILIZA\u00c7\u00c3O DE DADOS PESSOAIS<\/h4><p>Os dados pessoais fornecidos ser\u00e3o tratados com o objetivo de lhe enviar informa\u00e7\u00f5es da P\u00f3dio Navegante, S.A., para o manter informado sobre novos servi\u00e7os ou produtos, convites para eventos, informa\u00e7\u00f5es sobre promo\u00e7\u00f5es, assist\u00eancia ou campanhas comerciais, inqu\u00e9ritos de qualidade e satisfa\u00e7\u00e3o e presta\u00e7\u00e3o de servi\u00e7os de Apoio ao Cliente.<\/p><p> <\/p><h4>O NOSSO COMPROMISSO<\/h4><p>O nosso compromisso com os utilizadores:<\/p><p>Tratar os dados de forma legal e justa, recolhendo apenas as informa\u00e7\u00f5es necess\u00e1rias e pertinentes para os fins a que se destinam;<br>Permitir que o titular dos dados aceda e corrija as informa\u00e7\u00f5es registadas a seu respeito, transmitindo-as numa linguagem clara e estritamente correspondente ao conte\u00fado do registo;<br>N\u00e3o utilizar os dados recolhidos para um fim incompat\u00edvel com aquele para o qual foram recolhidos;<br>Manter os dados exactos e, se necess\u00e1rio, actualizados;<br>Assegurar o consentimento expresso do titular dos dados sempre que solicitado;<br>Garantir, gratuitamente, o direito de apagar os dados utilizados quando solicitado pelo titular dos dados;<br>Dispor de sistemas de seguran\u00e7a que impe\u00e7am a consulta, altera\u00e7\u00e3o, destrui\u00e7\u00e3o ou adi\u00e7\u00e3o de dados por pessoas n\u00e3o autorizadas e que permitam detetar desvios intencionais ou n\u00e3o intencionais de informa\u00e7\u00e3o;<br>Respeitar o sigilo profissional em rela\u00e7\u00e3o aos dados tratados;<br>N\u00e3o proceder \u00e0 interconex\u00e3o de dados pessoais, salvo por imposi\u00e7\u00e3o legal\/autoriza\u00e7\u00e3o ou autoriza\u00e7\u00e3o da Comiss\u00e3o Nacional de Prote\u00e7\u00e3o de Dados.<\/p><p> <\/p><h4>CONTROLADOR DE DADOS<\/h4><p>A Sociedade P\u00f3dio Navegante, S.A. \u00e9 respons\u00e1vel pelo tratamento dos seus dados pessoais, por meios automatizados ou n\u00e3o, desde a sua recolha, organiza\u00e7\u00e3o, conserva\u00e7\u00e3o e elimina\u00e7\u00e3o.<\/p><p>A P\u00f3dio Navegante, S.A. cumpre as regras estipuladas no Regulamento (UE) 2016\/679 do Parlamento Europeu e do Conselho, de 27 de abril de 2016, para o tratamento de dados pessoais.<\/p><h4> <\/h4><h4>OBJECTIVOS DO TRATAMENTO \/ RECOLHA<\/h4><p>Os seus dados pessoais recolhidos ser\u00e3o utilizados apenas para os fins acima indicados, n\u00e3o ser\u00e3o transmitidos a terceiros, exceto em cumprimento de obriga\u00e7\u00f5es legais, e n\u00e3o ser\u00e3o utilizados para fins diferentes daqueles para os quais nos deu o seu consentimento.<\/p><p> <\/p><h4>BASE JUR\u00cdDICA DO TRATAMENTO<\/h4><p>A base jur\u00eddica para o tratamento de dados baseia-se no consentimento da pessoa em causa.<\/p><h4> <\/h4><h4>TRANSFER\u00caNCIA DE DADOS<\/h4><p>Os dados pessoais recolhidos ser\u00e3o tratados exclusivamente em Portugal, n\u00e3o sendo previs\u00edvel que os dados pessoais sejam transferidos para um pa\u00eds terceiro ou organiza\u00e7\u00e3o internacional.<\/p><p> <\/p><h4>DIREITOS DOS UTILIZADORES<\/h4><p>Os titulares dos dados t\u00eam o direito, em qualquer altura e gratuitamente, de solicitar \u00e0 Nova Marina de Vilamoura que:<\/p><p>&#8211; aceder aos dados pessoais que nos forneceram;<\/p><p>&#8211; solicitar a retifica\u00e7\u00e3o dos seus dados pessoais;<\/p><p>&#8211; solicitar a elimina\u00e7\u00e3o dos seus dados pessoais;<\/p><p>&#8211; solicitar a limita\u00e7\u00e3o do tratamento dos seus dados pessoais;<\/p><p>&#8211; opor-se ao tratamento dos seus dados pessoais;<\/p><p>&#8211; solicitar a portabilidade dos seus dados pessoais para uma entidade indicada por si.<\/p><p>Estes direitos podem ser exercidos por correio eletr\u00f3nico para o seguinte endere\u00e7o: marinavilamoura@vilamouraworld.com ou por carta para o seguinte endere\u00e7o: P\u00f3dio Navegante, S.A. apartado 501, 8125-409 Quarteira.<\/p><p>No entanto, caso exista norma ou obriga\u00e7\u00e3o legalmente imposta que se sobreponha a estes direitos, a P\u00f3dio Navegante, S.A. inform\u00e1-lo-\u00e1 da impossibilidade de executar o pedido, indicando o respetivo motivo.<\/p><p>Em caso de viola\u00e7\u00e3o dos seus direitos, os titulares dos dados podem, nos termos da legisla\u00e7\u00e3o aplic\u00e1vel, exercer o direito de apresentar queixa junto da Comiss\u00e3o Nacional de Prote\u00e7\u00e3o de Dados.<\/p><p> <\/p><h4>ARMAZENAMENTO DE DADOS<\/h4><p>A Nova Marina de Vilamoura adoptou diversas medidas f\u00edsicas, t\u00e9cnicas e organizativas para proteger os dados pessoais dos utilizadores, incluindo a utiliza\u00e7\u00e3o de servidores seguros, firewalls e, no caso de transmiss\u00e3o eletr\u00f3nica de dados, a encripta\u00e7\u00e3o dos dados das comunica\u00e7\u00f5es.<\/p><p> <\/p><h4>MEDIDAS DE PROTEC\u00c7\u00c3O DOS DADOS PESSOAIS<\/h4><p>O Grupo Vilamoura World adoptou diversas medidas f\u00edsicas, t\u00e9cnicas e organizativas para proteger os dados pessoais, incluindo a utiliza\u00e7\u00e3o de servidores seguros, firewalls e, no caso de transmiss\u00e3o eletr\u00f3nica de informa\u00e7\u00e3o de dados, a encripta\u00e7\u00e3o das comunica\u00e7\u00f5es.<\/p><h4> <\/h4><h4>UTILIZA\u00c7\u00c3O DE COOKIES<\/h4><p>A Pol\u00edtica de Cookies da Marina de Vilamoura est\u00e1 dispon\u00edvel em: <a href=\"https:\/\/www.marinadevilamoura.com\/pt\/politica-de-cookies\/\">Pol\u00edtica de Cookies<\/a><\/p><\/div><\/div><h4> <\/h4><h4>ALTERA\u00c7\u00d5ES \u00c0 POL\u00cdTICA DE PRIVACIDADE<\/h4><p>A Marina de Vilamoura reserva-se o direito de alterar os termos e condi\u00e7\u00f5es de utiliza\u00e7\u00e3o do site, incluindo a Pol\u00edtica de Privacidade, a qualquer momento. Assim, sugerimos que consulte regularmente a Pol\u00edtica de Privacidade em vigor. <\/p><div class=\"eltdf-section-title-holder eltdf-st-standard eltdf-st-title-left eltdf-st-normal-space \"><div class=\"eltdf-st-inner\"> <\/div><\/div><\/div><div><h4>DIREITO DE RECLAMAR<\/h4><p>Se considerar que os seus dados pessoais n\u00e3o est\u00e3o a ser tratados em conformidade com a legisla\u00e7\u00e3o aplic\u00e1vel, tem o direito de apresentar uma queixa a uma autoridade de controlo, incluindo a Comiss\u00e3o Nacional de Prote\u00e7\u00e3o de Dados.<\/p><\/div>\t\t\t\t\t\t\t\t<\/div>\n\t\t\t\t\t<\/div>\n\t\t<\/div>\n\t\t\t\t\t<\/div>\n\t\t<\/section>\n\t\t\t\t<\/div>\n\t\t","protected":false},"excerpt":{"rendered":"<p>Pol\u00edtica de Privacidade SCROLL A P\u00f3dio Navegante, S.A. (propriedade do Grupo Vilamoura World) est\u00e1 fortemente empenhada em garantir a privacidade dos utilizadores e a prote\u00e7\u00e3o e seguran\u00e7a dos seus dados pessoais. Assim, salvo nos casos em que o utilizador tenha autorizado previamente a recolha e tratamento dos seus dados pessoais para as finalidades aqui previstas, [&hellip;]<\/p>\n","protected":false},"author":1,"featured_media":0,"parent":0,"menu_order":0,"comment_status":"closed","ping_status":"closed","template":"","meta":{"footnotes":""},"class_list":["post-2296","page","type-page","status-publish","hentry"],"yoast_head":"<!-- This site is optimized with the Yoast SEO plugin v27.1.1 - https:\/\/yoast.com\/product\/yoast-seo-wordpress\/ -->\n<title>Pol\u00edtica de Privacidade - Nova Marina de Vilamoura<\/title>\n<meta name=\"robots\" content=\"index, follow, max-snippet:-1, max-image-preview:large, max-video-preview:-1\" \/>\n<link rel=\"canonical\" href=\"https:\/\/www.vilamouranovamarina.com\/pt-pt\/politica-de-privacidade\/\" \/>\n<meta property=\"og:locale\" content=\"pt_PT\" \/>\n<meta property=\"og:type\" content=\"article\" \/>\n<meta property=\"og:title\" content=\"Pol\u00edtica de Privacidade - Nova Marina de Vilamoura\" \/>\n<meta property=\"og:description\" content=\"Pol\u00edtica de Privacidade SCROLL A P\u00f3dio Navegante, S.A. (propriedade do Grupo Vilamoura World) est\u00e1 fortemente empenhada em garantir a privacidade dos utilizadores e a prote\u00e7\u00e3o e seguran\u00e7a dos seus dados pessoais. Assim, salvo nos casos em que o utilizador tenha autorizado previamente a recolha e tratamento dos seus dados pessoais para as finalidades aqui previstas, [&hellip;]\" \/>\n<meta property=\"og:url\" content=\"https:\/\/www.vilamouranovamarina.com\/pt-pt\/politica-de-privacidade\/\" \/>\n<meta property=\"og:site_name\" content=\"Nova Marina de Vilamoura\" \/>\n<meta property=\"article:modified_time\" content=\"2025-06-26T11:55:35+00:00\" \/>\n<meta name=\"twitter:card\" content=\"summary_large_image\" \/>\n<meta name=\"twitter:label1\" content=\"Tempo estimado de leitura\" \/>\n\t<meta name=\"twitter:data1\" content=\"5 minutos\" \/>\n<script type=\"application\/ld+json\" class=\"yoast-schema-graph\">{\"@context\":\"https:\/\/schema.org\",\"@graph\":[{\"@type\":\"WebPage\",\"@id\":\"https:\/\/www.vilamouranovamarina.com\/pt-pt\/politica-de-privacidade\/\",\"url\":\"https:\/\/www.vilamouranovamarina.com\/pt-pt\/politica-de-privacidade\/\",\"name\":\"Pol\u00edtica de Privacidade - Nova Marina de Vilamoura\",\"isPartOf\":{\"@id\":\"https:\/\/www.vilamouranovamarina.com\/#website\"},\"datePublished\":\"2025-06-26T10:46:13+00:00\",\"dateModified\":\"2025-06-26T11:55:35+00:00\",\"breadcrumb\":{\"@id\":\"https:\/\/www.vilamouranovamarina.com\/pt-pt\/politica-de-privacidade\/#breadcrumb\"},\"inLanguage\":\"pt-PT\",\"potentialAction\":[{\"@type\":\"ReadAction\",\"target\":[\"https:\/\/www.vilamouranovamarina.com\/pt-pt\/politica-de-privacidade\/\"]}]},{\"@type\":\"BreadcrumbList\",\"@id\":\"https:\/\/www.vilamouranovamarina.com\/pt-pt\/politica-de-privacidade\/#breadcrumb\",\"itemListElement\":[{\"@type\":\"ListItem\",\"position\":1,\"name\":\"Home\",\"item\":\"https:\/\/www.vilamouranovamarina.com\/pt-pt\/home\/\"},{\"@type\":\"ListItem\",\"position\":2,\"name\":\"Pol\u00edtica de Privacidade\"}]},{\"@type\":\"WebSite\",\"@id\":\"https:\/\/www.vilamouranovamarina.com\/#website\",\"url\":\"https:\/\/www.vilamouranovamarina.com\/\",\"name\":\"Nova Marina de Vilamoura\",\"description\":\"Marina de Vilamoura\",\"publisher\":{\"@id\":\"https:\/\/www.vilamouranovamarina.com\/#organization\"},\"potentialAction\":[{\"@type\":\"SearchAction\",\"target\":{\"@type\":\"EntryPoint\",\"urlTemplate\":\"https:\/\/www.vilamouranovamarina.com\/?s={search_term_string}\"},\"query-input\":{\"@type\":\"PropertyValueSpecification\",\"valueRequired\":true,\"valueName\":\"search_term_string\"}}],\"inLanguage\":\"pt-PT\"},{\"@type\":\"Organization\",\"@id\":\"https:\/\/www.vilamouranovamarina.com\/#organization\",\"name\":\"Nova Marina de Vilamoura\",\"url\":\"https:\/\/www.vilamouranovamarina.com\/\",\"logo\":{\"@type\":\"ImageObject\",\"inLanguage\":\"pt-PT\",\"@id\":\"https:\/\/www.vilamouranovamarina.com\/#\/schema\/logo\/image\/\",\"url\":\"https:\/\/www.vilamouranovamarina.com\/wp-content\/uploads\/2024\/03\/Vilamoura_Nova_Marina_White_RGB-1.png\",\"contentUrl\":\"https:\/\/www.vilamouranovamarina.com\/wp-content\/uploads\/2024\/03\/Vilamoura_Nova_Marina_White_RGB-1.png\",\"width\":1200,\"height\":325,\"caption\":\"Nova Marina de Vilamoura\"},\"image\":{\"@id\":\"https:\/\/www.vilamouranovamarina.com\/#\/schema\/logo\/image\/\"}}]}<\/script>\n<!-- \/ Yoast SEO plugin. -->","yoast_head_json":{"title":"Pol\u00edtica de Privacidade - Nova Marina de Vilamoura","robots":{"index":"index","follow":"follow","max-snippet":"max-snippet:-1","max-image-preview":"max-image-preview:large","max-video-preview":"max-video-preview:-1"},"canonical":"https:\/\/www.vilamouranovamarina.com\/pt-pt\/politica-de-privacidade\/","og_locale":"pt_PT","og_type":"article","og_title":"Pol\u00edtica de Privacidade - Nova Marina de Vilamoura","og_description":"Pol\u00edtica de Privacidade SCROLL A P\u00f3dio Navegante, S.A. (propriedade do Grupo Vilamoura World) est\u00e1 fortemente empenhada em garantir a privacidade dos utilizadores e a prote\u00e7\u00e3o e seguran\u00e7a dos seus dados pessoais. Assim, salvo nos casos em que o utilizador tenha autorizado previamente a recolha e tratamento dos seus dados pessoais para as finalidades aqui previstas, [&hellip;]","og_url":"https:\/\/www.vilamouranovamarina.com\/pt-pt\/politica-de-privacidade\/","og_site_name":"Nova Marina de Vilamoura","article_modified_time":"2025-06-26T11:55:35+00:00","twitter_card":"summary_large_image","twitter_misc":{"Tempo estimado de leitura":"5 minutos"},"schema":{"@context":"https:\/\/schema.org","@graph":[{"@type":"WebPage","@id":"https:\/\/www.vilamouranovamarina.com\/pt-pt\/politica-de-privacidade\/","url":"https:\/\/www.vilamouranovamarina.com\/pt-pt\/politica-de-privacidade\/","name":"Pol\u00edtica de Privacidade - Nova Marina de Vilamoura","isPartOf":{"@id":"https:\/\/www.vilamouranovamarina.com\/#website"},"datePublished":"2025-06-26T10:46:13+00:00","dateModified":"2025-06-26T11:55:35+00:00","breadcrumb":{"@id":"https:\/\/www.vilamouranovamarina.com\/pt-pt\/politica-de-privacidade\/#breadcrumb"},"inLanguage":"pt-PT","potentialAction":[{"@type":"ReadAction","target":["https:\/\/www.vilamouranovamarina.com\/pt-pt\/politica-de-privacidade\/"]}]},{"@type":"BreadcrumbList","@id":"https:\/\/www.vilamouranovamarina.com\/pt-pt\/politica-de-privacidade\/#breadcrumb","itemListElement":[{"@type":"ListItem","position":1,"name":"Home","item":"https:\/\/www.vilamouranovamarina.com\/pt-pt\/home\/"},{"@type":"ListItem","position":2,"name":"Pol\u00edtica de Privacidade"}]},{"@type":"WebSite","@id":"https:\/\/www.vilamouranovamarina.com\/#website","url":"https:\/\/www.vilamouranovamarina.com\/","name":"Nova Marina de Vilamoura","description":"Marina de Vilamoura","publisher":{"@id":"https:\/\/www.vilamouranovamarina.com\/#organization"},"potentialAction":[{"@type":"SearchAction","target":{"@type":"EntryPoint","urlTemplate":"https:\/\/www.vilamouranovamarina.com\/?s={search_term_string}"},"query-input":{"@type":"PropertyValueSpecification","valueRequired":true,"valueName":"search_term_string"}}],"inLanguage":"pt-PT"},{"@type":"Organization","@id":"https:\/\/www.vilamouranovamarina.com\/#organization","name":"Nova Marina de Vilamoura","url":"https:\/\/www.vilamouranovamarina.com\/","logo":{"@type":"ImageObject","inLanguage":"pt-PT","@id":"https:\/\/www.vilamouranovamarina.com\/#\/schema\/logo\/image\/","url":"https:\/\/www.vilamouranovamarina.com\/wp-content\/uploads\/2024\/03\/Vilamoura_Nova_Marina_White_RGB-1.png","contentUrl":"https:\/\/www.vilamouranovamarina.com\/wp-content\/uploads\/2024\/03\/Vilamoura_Nova_Marina_White_RGB-1.png","width":1200,"height":325,"caption":"Nova Marina de Vilamoura"},"image":{"@id":"https:\/\/www.vilamouranovamarina.com\/#\/schema\/logo\/image\/"}}]}},"_links":{"self":[{"href":"https:\/\/www.vilamouranovamarina.com\/pt-pt\/wp-json\/wp\/v2\/pages\/2296","targetHints":{"allow":["GET"]}}],"collection":[{"href":"https:\/\/www.vilamouranovamarina.com\/pt-pt\/wp-json\/wp\/v2\/pages"}],"about":[{"href":"https:\/\/www.vilamouranovamarina.com\/pt-pt\/wp-json\/wp\/v2\/types\/page"}],"author":[{"embeddable":true,"href":"https:\/\/www.vilamouranovamarina.com\/pt-pt\/wp-json\/wp\/v2\/users\/1"}],"replies":[{"embeddable":true,"href":"https:\/\/www.vilamouranovamarina.com\/pt-pt\/wp-json\/wp\/v2\/comments?post=2296"}],"version-history":[{"count":1,"href":"https:\/\/www.vilamouranovamarina.com\/pt-pt\/wp-json\/wp\/v2\/pages\/2296\/revisions"}],"predecessor-version":[{"id":2297,"href":"https:\/\/www.vilamouranovamarina.com\/pt-pt\/wp-json\/wp\/v2\/pages\/2296\/revisions\/2297"}],"wp:attachment":[{"href":"https:\/\/www.vilamouranovamarina.com\/pt-pt\/wp-json\/wp\/v2\/media?parent=2296"}],"curies":[{"name":"wp","href":"https:\/\/api.w.org\/{rel}","templated":true}]}}